{"id":904,"date":"2022-06-05T09:30:59","date_gmt":"2022-06-05T09:30:59","guid":{"rendered":"http:\/\/dedriessen.nl\/?page_id=904"},"modified":"2022-09-07T07:08:24","modified_gmt":"2022-09-07T07:08:24","slug":"statuten-van-tuindervereniging-de-driessen","status":"publish","type":"page","link":"https:\/\/dedriessen.nl\/?page_id=904","title":{"rendered":"Statuten"},"content":{"rendered":"<p><b><u>STATUTEN VAN TUINDERSVERENIGING &#8220;DE DRIESSEN&#8221;<\/u>&nbsp; &nbsp; &nbsp; <\/b>&nbsp; &nbsp; &nbsp; &nbsp; &nbsp; &nbsp; &nbsp; &nbsp; &nbsp; &nbsp; &nbsp; &nbsp; &nbsp; &nbsp; &nbsp; &nbsp; &nbsp; &nbsp; &nbsp; VERSIE 2020-5<\/p>\n<div>&nbsp;<\/div>\n<div><u><b>NAAM E<\/b><\/u><u><b>N ZETEL<\/b><\/u><\/div>\n<div>&nbsp;<\/div>\n<div><strong>Artikel 1&nbsp; &nbsp;<\/strong> &nbsp; &nbsp; &nbsp;&nbsp;<\/div>\n<div><strong>A.<\/strong> De vereniging draagt de naam: TUINDERSVERENIGING &#8220;DE DRIESSEN \u201c en is gevestigd te Grave.<\/div>\n<div><strong>B.<\/strong> De vereniging is opgericht op 1 november 1979 te Grave en is aangegaan&nbsp;voor onbepaalde tijd.<\/div>\n<div>&nbsp;<\/div>\n<div><b><u>DOEL<\/u><\/b><\/div>\n<div>&nbsp;<\/div>\n<div><strong>Artikel 2&nbsp;<\/strong> &nbsp; &nbsp; &nbsp; &nbsp;&nbsp;<\/div>\n<div><strong>A.<\/strong> De vereniging heeft tot doel het bevorderen en in stand houden van het&nbsp;tuinieren op zowel traditionele als biologische wijze in de ruimste zin en&nbsp;zonder winst oogmerk. Het behartigen van de belangen van de&nbsp;verenigingsleden.<\/div>\n<div>&nbsp;<\/div>\n<div><b><u>MIDDELEN<\/u><\/b><\/div>\n<div>&nbsp;<\/div>\n<div><strong>Artikel 3&nbsp; &nbsp; &nbsp; &nbsp; &nbsp;<\/strong><\/div>\n<div><strong>A.<\/strong> Het verwerven en beheren van tuinpercelen ten behoeve van haar leden.<\/div>\n<div><strong>B.<\/strong> Het geven van vakkundige voorlichting.<\/div>\n<div><strong>C.<\/strong> Het instellen van vaste of tijdelijke commissies die een taak krijgen binnen de vereniging.<\/div>\n<div><strong>D.<\/strong> Alle andere activiteiten die aan het doel van de vereniging dienstig kunnen zijn.<\/div>\n<div>&nbsp;<\/div>\n<div><b><u>LEDEN EN LIDMAATSCHAP<\/u><\/b><\/div>\n<div>&nbsp;<\/div>\n<div><strong>Artikel 4&nbsp; &nbsp; &nbsp; &nbsp; &nbsp;&nbsp;<\/strong><\/div>\n<div><strong>A.<\/strong> De vereniging bestaat uit:&nbsp; 1. Leden. 2. Aspirantleden.<\/div>\n<div><strong>B.<\/strong> Lid kunnen zijn: inwoners van Grave en omstreken die 18 jaar of ouder zijn, en zelf het tuinieren praktisch willen toepassen.<\/div>\n<div><strong>C.<\/strong> Leden zijn zij, die in het bezit zijn van een aan hen, door de vereniging toegewezen kavel. Het lidmaatschap vangt aan, zodra door het bestuur tot lidmaatschap is besloten en de desbetreffende betalingen zijn ontvangen.<\/div>\n<div><strong>D.<\/strong> Aspirantleden zijn zij die aan het bestuur kenbaar hebben gemaakt lid te willen worden en wachtgeld hebben betaald, maar aan wie nog geen kavel is toegewezen.<\/div>\n<div><strong>E.<\/strong> Het bestuur beslist over toelating als lid, c.q. aspirant-lid.<\/div>\n<div><strong>F.<\/strong> Bij niet toelating kan het aspirantlid binnen een maand na, ontvangst van de afwijzing in beroep gaan bij de Algemene Ledenvergadering.<\/div>\n<div>&nbsp;<\/div>\n<div><strong>Artikel 5&nbsp; Be\u00ebindiging van het lidmaatschap:<\/strong><\/div>\n<div><strong>A.<\/strong> Door verhuizing buiten Grave en omstreken uiterlijk 31 december van het desbetreffend jaar.<\/div>\n<div><strong>B.<\/strong> Door schriftelijke opzegging van het lidmaatschap door het lid bij voorkeur tegen het einde van het jaar maar minstens een opzegtermijn van vier weken.<\/div>\n<div><strong>C.<\/strong> Door het overlijden van het lid.<\/div>\n<div><strong>D.<\/strong> Indien een lid niet aan zijn financi\u00eble verplichting voldoet, kan het bestuur aan hem\/haar het lidmaatschap opzeggen.<\/div>\n<div><strong>E.<\/strong> Bij het be\u00ebindigen van het lidmaatschap door het bestuur, wegens handelen dat niet in overeenstemming is met statuten en\/of huishoudelijke reglementen en\/of wettelijke bepalingen. Bij be\u00ebindiging van het lidmaatschap of het opleveren van een kavel wordt bij het schoon opleveren hiervan de betaalde borgsom retour betaald.<\/div>\n<div>&nbsp;<\/div>\n<div><strong>Artikel 6&nbsp; &nbsp; &nbsp; &nbsp; &nbsp;&nbsp;<\/strong><\/div>\n<div>Beroep van het lid tegen be\u00ebindigen van het lidmaatschap door het bestuur is&nbsp;mogelijk bij de Algemene Ledenvergadering, binnen \u00e9\u00e9n maand na ontvangst van&nbsp;de kennisgeving. Gedurende de beroepstermijn en hangende het beroep is het lid&nbsp;geschorst. Het besluit in de Algemene Ledenvergadering tot ontzetting zal moeten&nbsp;worden genomen met tenminste tweederde van het aantal uitgebrachte geldige&nbsp;stemmen.<\/div>\n<div>&nbsp;<\/div>\n<div><strong>Artikel 7&nbsp; &nbsp; &nbsp; &nbsp; &nbsp;<\/strong><\/div>\n<div><strong>A.<\/strong> Het verenigingsjaar loopt van 1 januari t\/m 31 december<\/div>\n<div><strong>B.<\/strong> Wanneer het lidmaatschap in de loop van een verenigingsjaar eindigt, blijft de jaarlijkse bijdrage in zijn geheel verschuldigd.<\/div>\n<div>&nbsp;<\/div>\n<div><b><u>GELDMIDDELEN<\/u><\/b><\/div>\n<div>&nbsp;<\/div>\n<div><strong>Artikel 8&nbsp; &nbsp; &nbsp; &nbsp; &nbsp;&nbsp;<\/strong><\/div>\n<div>De geldmiddelen bestaan uit de jaarlijkse bijdragen van leden en aspirant leden,&nbsp;inschrijfgelden en andere inkomsten. De Algemene Ledenvergadering stelt de&nbsp;hoogte van de jaarlijkse bijdrage vast.<\/div>\n<div>&nbsp;<\/div>\n<div><b><u>BESTUUR.<\/u><\/b><\/div>\n<div>&nbsp;<\/div>\n<div><strong>Artikel 9&nbsp; &nbsp; &nbsp; &nbsp; &nbsp;&nbsp;<\/strong><\/div>\n<div><strong>A.<\/strong> Het bestuur bestaat uit een oneven aantal personen met een minimum van vijf en wordt door de Algemene Ledenvergadering gekozen uit de leden. Ook een eventueel ontslag van een bestuurder geschiedt door de Algemene Ledenvergadering.<\/div>\n<div><strong>B.<\/strong> De voorzitter wordt gekozen in functie, de overige functies worden door de bestuursleden onderling verdeeld.<\/div>\n<div><strong>C.<\/strong> Elk jaar treedt de kleinst mogelijke meerderheid van het bestuur af, aftredende bestuursleden zijn terstond herkiesbaar. Het volgend jaar behoren in ieder geval tot de kleinst mogelijke meerderheid die bestuurders of hun opvolgers welke nog niet afgetreden waren. Voorzitter + secretaris treden niet tegelijkertijd af.<\/div>\n<div><strong>D.<\/strong> Bij tussentijdse vacatures in het bestuur vult het bestuur zichzelf aan. Deze benoeming is onderworpen aan de goedkeuring van de eerst volgende ledenvergadering. Degene die de benoemd is treedt af op de dag waarop degene in wiens plaats hij is gekozen had moeten aftreden.<\/div>\n<div><strong>E.<\/strong> Het bestuur vertegenwoordigt de vereniging in en buiten rechte. Het bestuur kan deze bevoegdheid delegeren aan \u00e9\u00e9n of meerdere leden van het bestuur.<\/div>\n<div><strong>F<\/strong>. Het bestuur leidt de vereniging, voert de besluiten der leden vergadering uit, beheert de gelden en voert met inachtneming van de beslissingen der ledenvergaderingen, alle besluiten uit die kunnen strekken tot het bereiken van het in artikel 2 plus 3 gestelde doel.<\/div>\n<div>&nbsp;<\/div>\n<div><strong>Artikel 10 Verkiezing tot bestuurslid<\/strong><\/div>\n<div><strong>&nbsp;A.<\/strong> Voor de verkiezing van een bestuurslid maakt het bestuur een voorstel en vermeld deze op de agenda van de ALV vergadering<\/div>\n<div><strong>&nbsp;B.<\/strong> Tot zeven dagen voor de aanvang van de hier bedoelde ledenvergadering kunnen, de leden \u00e9\u00e9n of meer tegenkandidaten indienen. Een desbetreffend voorstel dient schriftelijk aan het secretariaat te geschieden en moet zijn ondertekend door ten minste vijf leden. Uit een door hem\/haar ondertekende verklaring moet blijken dat de kandidaat een eventuele verkiezing wil aanvaarden.<\/div>\n<div><strong>&nbsp;C.<\/strong> De wijze van de verkiezing wordt geregeld in artikel 12: stemmingen<\/div>\n<div>&nbsp;<\/div>\n<div><b><u>VERGADERINGEN<\/u><\/b><\/div>\n<div>&nbsp;<\/div>\n<div><strong>Artikel 11&nbsp; &nbsp; &nbsp; &nbsp; &nbsp;<\/strong><\/div>\n<div><strong>A.<\/strong> Het bestuur vergadert zo dikwijls als de voorzitter dit nodig acht en voorts binnen 14 dagen op verzoek van tenminste drie bestuursleden.<\/div>\n<div><strong>B.<\/strong> Tenminste \u00e9\u00e9n maal per jaar, uiterlijk in de maand mei, zal er een Algemene Ledenvergadering gehouden worden.<\/div>\n<div><strong>C.<\/strong> De Algemene Ledenvergadering is de hoogste macht in de vereniging. Haar besluiten zijn van kracht voor alle verenigingsaangelegenheden.<\/div>\n<div><strong>D.<\/strong> Verder wordt er vergaderd zo dikwijls als het bestuur dit nodig oordeelt of binnen 30 dagen op schriftelijk verzoek van tenminste 15 leden dan wel zoveel minder leden als ze samen bevoegd zijn tot het uitbrengen van een tiende deel der stemmen in de Algemene Ledenvergadering met vermelding en toelichting van de te behandelen punten.<\/div>\n<div><strong>E.<\/strong> De vergaderingen zijn toegankelijk voor leden, aspirantleden. Alle leden hebben stemrecht, aspirantleden hebben geen stemrecht, zij hebben wel het recht het woord te voeren.<\/div>\n<div><strong>F.<\/strong> Uitnodigingen voor ledenvergaderingen dienen minimaal 7 dagen voor de vergader datum in het bezit van de leden te zijn.<\/div>\n<div><strong>G.<\/strong> In de Algemene Ledenvergadering worden\/ wordt tenminste aan de orde gesteld en gestemd over:<\/div>\n<div>&nbsp; &nbsp; <strong>1.<\/strong> De jaarverslagen van de secretaris, commissies en de Penningmeester inclusief&nbsp;de begroting.<\/div>\n<div>&nbsp; &nbsp; <strong>2.<\/strong> Benoeming van een kascontrolecommissie, alsmede het verslag van deze&nbsp;commissie.<\/div>\n<div>&nbsp; &nbsp; <strong>3.<\/strong> Verkiezing van het bestuur.<\/div>\n<div>&nbsp; &nbsp; <strong>4.<\/strong> De vaststelling van de te betalen bedragen door de leden.<\/div>\n<div>&nbsp; <strong>&nbsp; 5.<\/strong> De voorstellen van de leden, mits deze 7 dagen v\u00f3\u00f3r de vergadering schriftelijk&nbsp;bij de secretaris zijn ingediend.<\/div>\n<div>&nbsp; &nbsp; <strong>6.<\/strong> Instellen, handhaven, herzien of opheffen van vaste of tijdelijke commissies.<\/div>\n<div>&nbsp; &nbsp; <strong>7.<\/strong> Rondvraag.<\/div>\n<div>&nbsp;<\/div>\n<div><b><u>STEMMINGEN<\/u><\/b><\/div>\n<div>&nbsp;<\/div>\n<div><strong>Artikel 12&nbsp;<\/strong> &nbsp; &nbsp; &nbsp; &nbsp;<\/div>\n<div><strong>A.<\/strong> Stemrecht hebben zij die genoemd zijn in artikel 11e.<\/div>\n<div><strong>B.<\/strong> Bij stemming moet \u00e9\u00e9n volstrekte meerderheid worden behaald, d.w.z. de helft plus \u00e9\u00e9n van de in de vergadering aanwezige leden, uitgezonderd het bepaalde in artikel 13a en 14a.<\/div>\n<div><strong>C.<\/strong> Stemmingen kunnen zowel schriftelijk als bij handopsteken worden gehouden. Over personen wordt schriftelijk gestemd.<\/div>\n<div><strong>D.<\/strong> Indien bij verkiezing van bestuur en of commissieleden niet m\u00e9\u00e9r kandidaten zijn gesteld, dan er plaatsen zijn te vullen en door geen van de aanwezige leden stemming wordt gevraagd, k\u00e1n de voorzitter verklaren, dat de kandidaat(en) bij acclamatie is (zijn) gekozen.<\/div>\n<div><strong>E.<\/strong> Bij schriftelijke stemming wordt een stembureau aangewezen bestaande uit 3 leden.<\/div>\n<div><strong>F.<\/strong> Bij staking van stemmen over personen volgt \u00e9\u00e9nmaal een nieuwe stemming, daarna beslist het lot.<\/div>\n<div><strong>G.<\/strong> Bij staking der stemmen over zaken volgt \u00e9\u00e9nmalig een nieuwe stemming, daarna wordt geacht het voorstel te zijn verworpen.<\/div>\n<div>&nbsp;<\/div>\n<div><u><b>WIJZIGING DER STATUTEN<\/b><\/u><\/div>\n<div>&nbsp;<\/div>\n<div><strong>Artikel 13&nbsp;<\/strong> &nbsp; &nbsp; &nbsp; &nbsp;<\/div>\n<div><strong>A.<\/strong> Deze statuten worden gewijzigd bij besluit van de ledenvergadering, genomen met&nbsp;tenminste twee derde der uitgebrachte geldige stemmen. Wijzigingen in de statuten treden niet in werking dan nadat hiervan een notari\u00eble akte is opgemaakt.<\/div>\n<div><strong>B.<\/strong> Een voorstel tot wijziging van de statuten (of tot ontbinding van de vereniging) moet tenminste zeven dagen voor de datum van de vergadering, waarin het zal worden behandeld, in bezit zijn van de leden. Voorts zijn zij, die de oproepen tot de Algemene&nbsp;Ledenvergadering ter behandeling van een voorstel tot statuutwijziging hebben gedaan, verplicht tenminste zeven dagen v\u00f3\u00f3r de vergadering een afschrift van dat voorstel&nbsp;waarin de voorgedragen wijziging woordelijk is opgenomen, op een daartoe geschikte&nbsp;plaats voor de leden ter inzage te leggen tot na afloop van de dag waarop de vergadering&nbsp;wordt gehouden.<\/div>\n<div>&nbsp;<\/div>\n<div><b><u>ONTBINDING VAN DE VERENIGING<\/u><\/b><\/div>\n<div>&nbsp;<\/div>\n<div><strong>Artikel 14&nbsp; &nbsp; &nbsp;<\/strong> &nbsp;<\/div>\n<div><strong>A.<\/strong> De vereniging kan altijd ontbonden worden indien tijdens een Algemene Leden vergadering tenminste twee derde van het aantal stemgerechtigde leden van de vereniging zich daar voor verklaart. Bij gebreke van dit aantal kan eerst tot ontbinding&nbsp;worden besloten op een volgende, tenminste 8 dagen na de eerste te houden Algemene Ledenvergadering met een meerderheid van twee derde van de uitgebrachte stemmen. Een besluit tot ontbinding wordt geacht tevens een besluit van liquidatie te&nbsp;zijn. De liquidatie geschiedt door het bestuur. Een eventueel batig saldo zal worden&nbsp;aangewend voor door de Algemene Ledenvergadering te bepalen doeleinden, die&nbsp;zoveel mogelijk dienen overeen te stemmen met het doel van de vereniging.<\/div>\n<div><strong>B.<\/strong> Voorstel tot ontbinding van de vereniging: zie artikel 13b.<\/div>\n<div>&nbsp;<\/div>\n<div><b><u>SLOTBEPALINGEN<\/u><\/b><\/div>\n<div>&nbsp;<\/div>\n<div><strong>Artikel 15&nbsp; &nbsp;<\/strong> &nbsp; &nbsp;&nbsp;<\/div>\n<div><strong>A.<\/strong> Geen lid of oudlid zal de vereniging in rechte kunnen aanspreken.<\/div>\n<div><strong>B.<\/strong> Het huishoudelijk reglement van de vereniging mag niet in strijd zijn met de statuten.&nbsp;Noch met de wet waar die geen dwingend recht bevat.<\/div>\n<div><strong>C.<\/strong> Het bestuur beslist in alle gevallen, waarin de statuten en het huishoudelijk reglement&nbsp;niet voorzien. De ledenvergadering stelt het huishoudelijk reglement vast.<\/div>\n","protected":false},"excerpt":{"rendered":"<p>STATUTEN VAN TUINDERSVERENIGING &#8220;DE DRIESSEN&#8221;&nbsp; &nbsp; &nbsp; &nbsp; &nbsp; &nbsp; &nbsp; &nbsp; &nbsp; &nbsp; &nbsp; &nbsp; &nbsp; &nbsp; &nbsp; &nbsp; &nbsp; &nbsp; &nbsp; &nbsp; &nbsp; &nbsp; VERSIE 2020-5 &nbsp; NAAM EN ZETEL &nbsp; Artikel 1&nbsp; &nbsp; &nbsp; &nbsp; &nbsp;&nbsp; A. De vereniging draagt de naam: TUINDERSVERENIGING &#8220;DE DRIESSEN \u201c en is gevestigd te Grave. B&#8230;.<\/p>\n","protected":false},"author":2,"featured_media":0,"parent":0,"menu_order":0,"comment_status":"closed","ping_status":"closed","template":"","meta":{"ngg_post_thumbnail":0,"footnotes":""},"_links":{"self":[{"href":"https:\/\/dedriessen.nl\/index.php?rest_route=\/wp\/v2\/pages\/904"}],"collection":[{"href":"https:\/\/dedriessen.nl\/index.php?rest_route=\/wp\/v2\/pages"}],"about":[{"href":"https:\/\/dedriessen.nl\/index.php?rest_route=\/wp\/v2\/types\/page"}],"author":[{"embeddable":true,"href":"https:\/\/dedriessen.nl\/index.php?rest_route=\/wp\/v2\/users\/2"}],"replies":[{"embeddable":true,"href":"https:\/\/dedriessen.nl\/index.php?rest_route=%2Fwp%2Fv2%2Fcomments&post=904"}],"version-history":[{"count":11,"href":"https:\/\/dedriessen.nl\/index.php?rest_route=\/wp\/v2\/pages\/904\/revisions"}],"predecessor-version":[{"id":1025,"href":"https:\/\/dedriessen.nl\/index.php?rest_route=\/wp\/v2\/pages\/904\/revisions\/1025"}],"wp:attachment":[{"href":"https:\/\/dedriessen.nl\/index.php?rest_route=%2Fwp%2Fv2%2Fmedia&parent=904"}],"curies":[{"name":"wp","href":"https:\/\/api.w.org\/{rel}","templated":true}]}}